{"id":1771,"date":"2023-09-20T06:50:08","date_gmt":"2023-09-20T04:50:08","guid":{"rendered":"https:\/\/ventus21.com\/?post_type=product&#038;p=1771"},"modified":"2024-03-06T21:35:10","modified_gmt":"2024-03-07T01:35:10","slug":"bandeja-caraquena","status":"publish","type":"product","link":"https:\/\/ventus21.com\/?product=bandeja-caraquena","title":{"rendered":"Bandeja Caraque\u00f1a"},"content":{"rendered":"","protected":false},"excerpt":{"rendered":"<p>Excelente opci\u00f3n para compartir.\u00a0Gringuitas de pollo y carne, crazy teques, alitas cubiertas de american BBQ y s\u00e9samo blanco, crujientes papas coronadas con queso fundido y trocitos de bacon. Acompa\u00f1ada de 2 refrescos de tu elecci\u00f3n.<\/p>\n","protected":false},"featured_media":1819,"template":"","meta":[],"product_cat":[23],"product_tag":[],"_links":{"self":[{"href":"https:\/\/ventus21.com\/index.php?rest_route=\/wp\/v2\/product\/1771"}],"collection":[{"href":"https:\/\/ventus21.com\/index.php?rest_route=\/wp\/v2\/product"}],"about":[{"href":"https:\/\/ventus21.com\/index.php?rest_route=\/wp\/v2\/types\/product"}],"wp:featuredmedia":[{"embeddable":true,"href":"https:\/\/ventus21.com\/index.php?rest_route=\/wp\/v2\/media\/1819"}],"wp:attachment":[{"href":"https:\/\/ventus21.com\/index.php?rest_route=%2Fwp%2Fv2%2Fmedia&parent=1771"}],"wp:term":[{"taxonomy":"product_cat","embeddable":true,"href":"https:\/\/ventus21.com\/index.php?rest_route=%2Fwp%2Fv2%2Fproduct_cat&post=1771"},{"taxonomy":"product_tag","embeddable":true,"href":"https:\/\/ventus21.com\/index.php?rest_route=%2Fwp%2Fv2%2Fproduct_tag&post=1771"}],"curies":[{"name":"wp","href":"https:\/\/api.w.org\/{rel}","templated":true}]}}